{"id":23686,"date":"2025-05-29T12:39:50","date_gmt":"2025-05-29T12:39:50","guid":{"rendered":"https:\/\/mydreamdriver.fr\/?page_id=23686"},"modified":"2025-05-29T12:45:18","modified_gmt":"2025-05-29T12:45:18","slug":"blogue","status":"publish","type":"page","link":"https:\/\/mydreamdriver.fr\/pt\/blog\/","title":{"rendered":"Blogue"},"content":{"rendered":"<div data-elementor-type=\"wp-page\" data-elementor-id=\"23686\" class=\"elementor elementor-23686\" data-elementor-settings=\"{&quot;ha_cmc_init_switcher&quot;:&quot;no&quot;,&quot;element_pack_global_tooltip_width&quot;:{&quot;unit&quot;:&quot;px&quot;,&quot;size&quot;:&quot;&quot;,&quot;sizes&quot;:[]},&quot;element_pack_global_tooltip_width_tablet&quot;:{&quot;unit&quot;:&quot;px&quot;,&quot;size&quot;:&quot;&quot;,&quot;sizes&quot;:[]},&quot;element_pack_global_tooltip_width_mobile&quot;:{&quot;unit&quot;:&quot;px&quot;,&quot;size&quot;:&quot;&quot;,&quot;sizes&quot;:[]},&quot;element_pack_global_tooltip_padding&quot;:{&quot;unit&quot;:&quot;px&quot;,&quot;top&quot;:&quot;&quot;,&quot;right&quot;:&quot;&quot;,&quot;bottom&quot;:&quot;&quot;,&quot;left&quot;:&quot;&quot;,&quot;isLinked&quot;:true},&quot;element_pack_global_tooltip_padding_tablet&quot;:{&quot;unit&quot;:&quot;px&quot;,&quot;top&quot;:&quot;&quot;,&quot;right&quot;:&quot;&quot;,&quot;bottom&quot;:&quot;&quot;,&quot;left&quot;:&quot;&quot;,&quot;isLinked&quot;:true},&quot;element_pack_global_tooltip_padding_mobile&quot;:{&quot;unit&quot;:&quot;px&quot;,&quot;top&quot;:&quot;&quot;,&quot;right&quot;:&quot;&quot;,&quot;bottom&quot;:&quot;&quot;,&quot;left&quot;:&quot;&quot;,&quot;isLinked&quot;:true},&quot;element_pack_global_tooltip_border_radius&quot;:{&quot;unit&quot;:&quot;px&quot;,&quot;top&quot;:&quot;&quot;,&quot;right&quot;:&quot;&quot;,&quot;bottom&quot;:&quot;&quot;,&quot;left&quot;:&quot;&quot;,&quot;isLinked&quot;:true},&quot;element_pack_global_tooltip_border_radius_tablet&quot;:{&quot;unit&quot;:&quot;px&quot;,&quot;top&quot;:&quot;&quot;,&quot;right&quot;:&quot;&quot;,&quot;bottom&quot;:&quot;&quot;,&quot;left&quot;:&quot;&quot;,&quot;isLinked&quot;:true},&quot;element_pack_global_tooltip_border_radius_mobile&quot;:{&quot;unit&quot;:&quot;px&quot;,&quot;top&quot;:&quot;&quot;,&quot;right&quot;:&quot;&quot;,&quot;bottom&quot;:&quot;&quot;,&quot;left&quot;:&quot;&quot;,&quot;isLinked&quot;:true}}\" data-elementor-post-type=\"page\">\n\t\t\t\t\t\t<section class=\"elementor-section elementor-top-section elementor-element elementor-element-14e831c elementor-section-boxed elementor-section-height-default elementor-section-height-default\" data-id=\"14e831c\" data-element_type=\"section\" data-settings=\"{&quot;_ha_eqh_enable&quot;:false}\">\n\t\t\t\t\t\t<div class=\"elementor-container elementor-column-gap-default\">\n\t\t\t\t\t<div class=\"elementor-column elementor-col-100 elementor-top-column elementor-element elementor-element-dbf8be0\" data-id=\"dbf8be0\" data-element_type=\"column\">\n\t\t\t<div class=\"elementor-widget-wrap elementor-element-populated\">\n\t\t\t\t\t\t<div class=\"elementor-element elementor-element-f1243ea elementor-widget elementor-widget-heading\" data-id=\"f1243ea\" data-element_type=\"widget\" data-widget_type=\"heading.default\">\n\t\t\t\t<div class=\"elementor-widget-container\">\n\t\t\t\t\t<h1 class=\"elementor-heading-title elementor-size-default\">Blog - My dream driver<\/h1>\t\t\t\t<\/div>\n\t\t\t\t<\/div>\n\t\t\t\t<div class=\"elementor-element elementor-element-8989fa2 elementor-widget__width-initial elementor-widget elementor-widget-text-editor\" data-id=\"8989fa2\" data-element_type=\"widget\" data-widget_type=\"text-editor.default\">\n\t\t\t\t<div class=\"elementor-widget-container\">\n\t\t\t\t\t\t\t\t\t<p class=\"is-txt-normal is-txt-medium is-margin-t-12\">Des articles sur de nombreux sujets r\u00e9dig\u00e9s pour vous chaque mois ! (Actualit\u00e9s sur notre <a href=\"https:\/\/mydreamdriver.fr\/pt\/a-proposicao-do-meu-condutor-de-sonho\/\">soci\u00e9t\u00e9 de chauffeur priv\u00e9<\/a>, des nouveaut\u00e9s et bien d&rsquo;autres \u00e0 d\u00e9couvrir&#8230;).<\/p>\t\t\t\t\t\t\t\t<\/div>\n\t\t\t\t<\/div>\n\t\t\t\t<div class=\"elementor-element elementor-element-93dcb88 bdt-has-divider--yes elementor-widget elementor-widget-bdt-post-list\" data-id=\"93dcb88\" data-element_type=\"widget\" data-widget_type=\"bdt-post-list.default\">\n\t\t\t\t<div class=\"elementor-widget-container\">\n\t\t\t\t\t\t\t<div class=\"bdt-post-list-wrap\" data-show-hide=\"{&quot;show_title&quot;:&quot;yes&quot;,&quot;show_category&quot;:&quot;yes&quot;,&quot;show_image&quot;:&quot;yes&quot;,&quot;show_date&quot;:&quot;yes&quot;,&quot;human_diff_time_short&quot;:&quot;no&quot;}\">\n\t\t\t\t\t\t<div class=\"bdt-post-list\" id=\"bdt-post-list-93dcb88\" data-settings=\"{&quot;taxonomy&quot;:&quot;category&quot;,&quot;post-type&quot;:&quot;post&quot;,&quot;order&quot;:&quot;desc&quot;,&quot;orderby&quot;:&quot;date&quot;,&quot;posts_per_page&quot;:6}\">\n\t\t\t\t\t\t\t\t\t\t\n\t\t\t\t\t<div class=\"bdt-item-wrap bdt-flex\">\n\t\t\t\t\t\t<div class=\"bdt-item bdt-flex bdt-flex-middle\">\n\t\t\t\t\t\t\t\n\t\t\t\t\t\t\t\t\t\t\t\t\t\t<div class=\"bdt-image bdt-flex\">\n\t\t\t\t\t\t\t\t<a href=\"https:\/\/mydreamdriver.fr\/pt\/%e2%9c%88%ef%b8%8f-comment-se-rendre-de-laeroport-de-beauvais-a-paris-les-differents-modes-de-transport\/\"\n\t\t\t\t\t\t\t\t\ttitle=\"\u2708\ufe0f Comment se rendre de l\u2019a\u00e9roport de Beauvais \u00e0 Paris : les diff\u00e9rents modes de transport\">\n\t\t\t\t\t\t\t\t\t<img decoding=\"async\" width=\"150\" height=\"150\" src=\"https:\/\/mydreamdriver.fr\/wp-content\/uploads\/2025\/10\/Beauvais-Transfert-150x150.png\" class=\"attachment-thumbnail size-thumbnail\" alt=\"\u2708\ufe0f Comment se rendre de l\u2019a\u00e9roport de Beauvais \u00e0 Paris : les diff\u00e9rents modes de transport\" srcset=\"https:\/\/mydreamdriver.fr\/wp-content\/uploads\/2025\/10\/Beauvais-Transfert-150x150.png 150w, https:\/\/mydreamdriver.fr\/wp-content\/uploads\/2025\/10\/Beauvais-Transfert-300x300.png 300w, https:\/\/mydreamdriver.fr\/wp-content\/uploads\/2025\/10\/Beauvais-Transfert-768x768.png 768w, https:\/\/mydreamdriver.fr\/wp-content\/uploads\/2025\/10\/Beauvais-Transfert-12x12.png 12w, https:\/\/mydreamdriver.fr\/wp-content\/uploads\/2025\/10\/Beauvais-Transfert-306x306.png 306w, https:\/\/mydreamdriver.fr\/wp-content\/uploads\/2025\/10\/Beauvais-Transfert-533x533.png 533w, https:\/\/mydreamdriver.fr\/wp-content\/uploads\/2025\/10\/Beauvais-Transfert-600x600.png 600w, https:\/\/mydreamdriver.fr\/wp-content\/uploads\/2025\/10\/Beauvais-Transfert-100x100.png 100w, https:\/\/mydreamdriver.fr\/wp-content\/uploads\/2025\/10\/Beauvais-Transfert.png 1024w\" sizes=\"(max-width: 150px) 100vw, 150px\" \/>\t\t\t\t\t\t\t\t<\/a>\n\t\t\t\t\t\t\t<\/div>\n\t\t\t\t\t\t\t\n\t\t\t\t\t\t\t<div class=\"bdt-content\">\n\t\t\t\t\t\t\t\t\t\t\t\t\t\t\t\t\t<h4\t\t\t\t\t\t\t\t\t\tclass=\"bdt-title\">\n\t\t\t\t\t\t\t\t\t\t<a href=\"https:\/\/mydreamdriver.fr\/pt\/%e2%9c%88%ef%b8%8f-comment-se-rendre-de-laeroport-de-beauvais-a-paris-les-differents-modes-de-transport\/\" class=\"bdt-link\"\n\t\t\t\t\t\t\t\t\t\t\ttitle=\"\u2708\ufe0f Comment se rendre de l\u2019a\u00e9roport de Beauvais \u00e0 Paris : les diff\u00e9rents modes de transport\">\n\t\t\t\t\t\t\t\t\t\t\t\u2708\ufe0f Comment se rendre de l\u2019a\u00e9roport de Beauvais \u00e0 Paris : les diff\u00e9rents modes de transport\t\t\t\t\t\t\t\t\t\t<\/a>\n\t\t\t\t\t\t\t\t\t<\/h4>\n\t\t\t\t\t\t\t\t\n\t\t\t\t\t\t\t\t\n\t\t\t\t\t\t\t\t\t<div class=\"bdt-meta bdt-subnav bdt-flex-middle\">\n\t\t\t\t\t\t\t\t\t\t<span>Outubro 23, 2025<\/span>\t\t\t\t\t\t\t\t\t\t\t\t\t\t\t\t\t\t\t\t\t\t\t<span>\n\t\t\t<a href=\"https:\/\/mydreamdriver.fr\/pt\/category\/non-classe-fr\/\">Non class\u00e9<\/a>\t\t<\/span>\n\t\t\t\t\t\t\t\t\t\t\t\t\n\t\t\t\t\t\t\t\t\t<\/div>\n\n\t\t\t\t\t\t\t\t\t\t\t\t\t\t\t<\/div>\n\t\t\t\t\t\t<\/div>\n\t\t\t\t\t<\/div>\n\t\t\t\t\t\t\t\t\t\t\n\t\t\t\t\t<div class=\"bdt-item-wrap bdt-flex\">\n\t\t\t\t\t\t<div class=\"bdt-item bdt-flex bdt-flex-middle\">\n\t\t\t\t\t\t\t\n\t\t\t\t\t\t\t\t\t\t\t\t\t\t<div class=\"bdt-image bdt-flex\">\n\t\t\t\t\t\t\t\t<a href=\"https:\/\/mydreamdriver.fr\/pt\/comment-aller-de-laeroport-dorly-a-paris-optez-pour-un-transfert-confortable-avec-my-dream-driver\/\"\n\t\t\t\t\t\t\t\t\ttitle=\"Comment Aller de l&rsquo;A\u00e9roport d&rsquo;Orly \u00e0 Paris : Optez pour un Transfert Confortable avec My Dream Driver\">\n\t\t\t\t\t\t\t\t\t<img decoding=\"async\" width=\"150\" height=\"150\" src=\"https:\/\/mydreamdriver.fr\/wp-content\/uploads\/2025\/05\/Beige-et-Marron-Vintage-Ville-de-Paris-Presentation-150x150.png\" class=\"attachment-thumbnail size-thumbnail\" alt=\"Comment Aller de l&rsquo;A\u00e9roport d&rsquo;Orly \u00e0 Paris : Optez pour un Transfert Confortable avec My Dream Driver\" srcset=\"https:\/\/mydreamdriver.fr\/wp-content\/uploads\/2025\/05\/Beige-et-Marron-Vintage-Ville-de-Paris-Presentation-150x150.png 150w, https:\/\/mydreamdriver.fr\/wp-content\/uploads\/2025\/05\/Beige-et-Marron-Vintage-Ville-de-Paris-Presentation-100x100.png 100w\" sizes=\"(max-width: 150px) 100vw, 150px\" \/>\t\t\t\t\t\t\t\t<\/a>\n\t\t\t\t\t\t\t<\/div>\n\t\t\t\t\t\t\t\n\t\t\t\t\t\t\t<div class=\"bdt-content\">\n\t\t\t\t\t\t\t\t\t\t\t\t\t\t\t\t\t<h4\t\t\t\t\t\t\t\t\t\tclass=\"bdt-title\">\n\t\t\t\t\t\t\t\t\t\t<a href=\"https:\/\/mydreamdriver.fr\/pt\/comment-aller-de-laeroport-dorly-a-paris-optez-pour-un-transfert-confortable-avec-my-dream-driver\/\" class=\"bdt-link\"\n\t\t\t\t\t\t\t\t\t\t\ttitle=\"Comment Aller de l&rsquo;A\u00e9roport d&rsquo;Orly \u00e0 Paris : Optez pour un Transfert Confortable avec My Dream Driver\">\n\t\t\t\t\t\t\t\t\t\t\tComment Aller de l&rsquo;A\u00e9roport d&rsquo;Orly \u00e0 Paris : Optez pour un Transfert Confortable avec My Dream Driver\t\t\t\t\t\t\t\t\t\t<\/a>\n\t\t\t\t\t\t\t\t\t<\/h4>\n\t\t\t\t\t\t\t\t\n\t\t\t\t\t\t\t\t\n\t\t\t\t\t\t\t\t\t<div class=\"bdt-meta bdt-subnav bdt-flex-middle\">\n\t\t\t\t\t\t\t\t\t\t<span>Maio 30, 2025<\/span>\t\t\t\t\t\t\t\t\t\t\t\t\t\t\t\t\t\t\t\t\t\t\t<span>\n\t\t\t<a href=\"https:\/\/mydreamdriver.fr\/pt\/category\/non-classe-fr\/\">Non class\u00e9<\/a>\t\t<\/span>\n\t\t\t\t\t\t\t\t\t\t\t\t\n\t\t\t\t\t\t\t\t\t<\/div>\n\n\t\t\t\t\t\t\t\t\t\t\t\t\t\t\t<\/div>\n\t\t\t\t\t\t<\/div>\n\t\t\t\t\t<\/div>\n\t\t\t\t\t\t\t\t\t\t\n\t\t\t\t\t<div class=\"bdt-item-wrap bdt-flex\">\n\t\t\t\t\t\t<div class=\"bdt-item bdt-flex bdt-flex-middle\">\n\t\t\t\t\t\t\t\n\t\t\t\t\t\t\t\t\t\t\t\t\t\t<div class=\"bdt-image bdt-flex\">\n\t\t\t\t\t\t\t\t<a href=\"https:\/\/mydreamdriver.fr\/pt\/comment-aller-de-roissy-cdg-a-paris-optez-pour-un-transfert-pratique-avec-my-dream-driver\/\"\n\t\t\t\t\t\t\t\t\ttitle=\"Comment Aller de Roissy CDG \u00e0 Paris : Optez pour un Transfert Pratique avec My Dream Driver\">\n\t\t\t\t\t\t\t\t\t<img decoding=\"async\" width=\"150\" height=\"150\" src=\"https:\/\/mydreamdriver.fr\/wp-content\/uploads\/2025\/05\/Beige-et-Marron-Vintage-Ville-de-Paris-Presentation-150x150.png\" class=\"attachment-thumbnail size-thumbnail\" alt=\"Comment Aller de Roissy CDG \u00e0 Paris : Optez pour un Transfert Pratique avec My Dream Driver\" srcset=\"https:\/\/mydreamdriver.fr\/wp-content\/uploads\/2025\/05\/Beige-et-Marron-Vintage-Ville-de-Paris-Presentation-150x150.png 150w, https:\/\/mydreamdriver.fr\/wp-content\/uploads\/2025\/05\/Beige-et-Marron-Vintage-Ville-de-Paris-Presentation-100x100.png 100w\" sizes=\"(max-width: 150px) 100vw, 150px\" \/>\t\t\t\t\t\t\t\t<\/a>\n\t\t\t\t\t\t\t<\/div>\n\t\t\t\t\t\t\t\n\t\t\t\t\t\t\t<div class=\"bdt-content\">\n\t\t\t\t\t\t\t\t\t\t\t\t\t\t\t\t\t<h4\t\t\t\t\t\t\t\t\t\tclass=\"bdt-title\">\n\t\t\t\t\t\t\t\t\t\t<a href=\"https:\/\/mydreamdriver.fr\/pt\/comment-aller-de-roissy-cdg-a-paris-optez-pour-un-transfert-pratique-avec-my-dream-driver\/\" class=\"bdt-link\"\n\t\t\t\t\t\t\t\t\t\t\ttitle=\"Comment Aller de Roissy CDG \u00e0 Paris : Optez pour un Transfert Pratique avec My Dream Driver\">\n\t\t\t\t\t\t\t\t\t\t\tComment Aller de Roissy CDG \u00e0 Paris : Optez pour un Transfert Pratique avec My Dream Driver\t\t\t\t\t\t\t\t\t\t<\/a>\n\t\t\t\t\t\t\t\t\t<\/h4>\n\t\t\t\t\t\t\t\t\n\t\t\t\t\t\t\t\t\n\t\t\t\t\t\t\t\t\t<div class=\"bdt-meta bdt-subnav bdt-flex-middle\">\n\t\t\t\t\t\t\t\t\t\t<span>Maio 30, 2025<\/span>\t\t\t\t\t\t\t\t\t\t\t\t\t\t\t\t\t\t\t\t\t\t\t<span>\n\t\t\t<a href=\"https:\/\/mydreamdriver.fr\/pt\/category\/non-classe-fr\/\">Non class\u00e9<\/a>\t\t<\/span>\n\t\t\t\t\t\t\t\t\t\t\t\t\n\t\t\t\t\t\t\t\t\t<\/div>\n\n\t\t\t\t\t\t\t\t\t\t\t\t\t\t\t<\/div>\n\t\t\t\t\t\t<\/div>\n\t\t\t\t\t<\/div>\n\t\t\t\t\t\t\t\t\t\t\t\t\n\t\t\t\t<!-- GRADIENT SPINNER -->\n\t\t\t\t<div id=\"bdt-loading-image\" style=\"display: none;\">\n\t\t\t\t\t<div class=\"bdt-spinner-box\">\n\t\t\t\t\t<div class=\"bdt-circle-border\">\n\t\t\t\t\t\t<div class=\"bdt-circle-core\"><\/div>\n\t\t\t\t\t<\/div>  \n\t\t\t\t\t<\/div>\n\t\t\t\t<\/div>\n\t\t\t\t<!-- GRADIENT SPINNER -->\n\t\t\t\t\n\t\t\t<\/div>\n\t\t<\/div>\n\n\t\t\t\t\t\t\t<\/div>\n\t\t\t\t<\/div>\n\t\t\t\t\t<\/div>\n\t\t<\/div>\n\t\t\t\t\t<\/div>\n\t\t<\/section>\n\t\t\t\t<\/div>","protected":false},"excerpt":{"rendered":"<p>Blog &#8211; My dream driver Des articles sur de nombreux sujets r\u00e9dig\u00e9s pour vous chaque mois ! (Actualit\u00e9s sur notre soci\u00e9t\u00e9 de chauffeur priv\u00e9, des nouveaut\u00e9s et bien d&rsquo;autres \u00e0 d\u00e9couvrir&#8230;).<\/p>","protected":false},"author":1,"featured_media":0,"parent":0,"menu_order":0,"comment_status":"closed","ping_status":"closed","template":"","meta":{"footnotes":""},"class_list":["post-23686","page","type-page","status-publish","hentry"],"blocksy_meta":[],"_links":{"self":[{"href":"https:\/\/mydreamdriver.fr\/pt\/wp-json\/wp\/v2\/pages\/23686","targetHints":{"allow":["GET"]}}],"collection":[{"href":"https:\/\/mydreamdriver.fr\/pt\/wp-json\/wp\/v2\/pages"}],"about":[{"href":"https:\/\/mydreamdriver.fr\/pt\/wp-json\/wp\/v2\/types\/page"}],"author":[{"embeddable":true,"href":"https:\/\/mydreamdriver.fr\/pt\/wp-json\/wp\/v2\/users\/1"}],"replies":[{"embeddable":true,"href":"https:\/\/mydreamdriver.fr\/pt\/wp-json\/wp\/v2\/comments?post=23686"}],"version-history":[{"count":7,"href":"https:\/\/mydreamdriver.fr\/pt\/wp-json\/wp\/v2\/pages\/23686\/revisions"}],"predecessor-version":[{"id":23693,"href":"https:\/\/mydreamdriver.fr\/pt\/wp-json\/wp\/v2\/pages\/23686\/revisions\/23693"}],"wp:attachment":[{"href":"https:\/\/mydreamdriver.fr\/pt\/wp-json\/wp\/v2\/media?parent=23686"}],"curies":[{"name":"wp","href":"https:\/\/api.w.org\/{rel}","templated":true}]}}